{"id":1154,"date":"2019-06-17T12:59:50","date_gmt":"2019-06-17T12:59:50","guid":{"rendered":"http:\/\/mastah.bronowski.pl\/~blatni\/?page_id=1154"},"modified":"2020-04-02T16:38:08","modified_gmt":"2020-04-02T16:38:08","slug":"polityka-prywatnosci","status":"publish","type":"page","link":"https:\/\/mastah.bronowski.pl\/?page_id=1154","title":{"rendered":"Polityka prywatno\u015bci"},"content":{"rendered":"\t\t<div data-elementor-type=\"wp-post\" data-elementor-id=\"1154\" class=\"elementor elementor-1154\" data-elementor-settings=\"[]\">\n\t\t\t<div class=\"elementor-inner\">\n\t\t\t\t<div class=\"elementor-section-wrap\">\n\t\t\t\t\t\t\t<section class=\"elementor-element elementor-element-1a43123d elementor-section-full_width elementor-section-height-default elementor-section-height-default elementor-section elementor-top-section\" data-id=\"1a43123d\" data-element_type=\"section\" data-settings=\"{&quot;background_background&quot;:&quot;classic&quot;}\">\n\t\t\t\t\t\t<div class=\"elementor-container elementor-column-gap-default\">\n\t\t\t\t<div class=\"elementor-row\">\n\t\t\t\t<div class=\"elementor-element elementor-element-5fbc7d58 elementor-column elementor-col-100 elementor-top-column\" data-id=\"5fbc7d58\" data-element_type=\"column\" data-settings=\"{&quot;background_background&quot;:&quot;classic&quot;}\">\n\t\t\t<div class=\"elementor-column-wrap  elementor-element-populated\">\n\t\t\t\t\t<div class=\"elementor-widget-wrap\">\n\t\t\t\t<section class=\"elementor-element elementor-element-3ce4dad6 elementor-section-full_width elementor-section-height-default elementor-section-height-default elementor-section elementor-inner-section\" data-id=\"3ce4dad6\" data-element_type=\"section\">\n\t\t\t\t\t\t<div class=\"elementor-container elementor-column-gap-default\">\n\t\t\t\t<div class=\"elementor-row\">\n\t\t\t\t<div class=\"elementor-element elementor-element-2b3106f5 elementor-column elementor-col-50 elementor-inner-column\" data-id=\"2b3106f5\" data-element_type=\"column\" data-settings=\"{&quot;background_background&quot;:&quot;classic&quot;}\">\n\t\t\t<div class=\"elementor-column-wrap  elementor-element-populated\">\n\t\t\t\t\t<div class=\"elementor-widget-wrap\">\n\t\t\t\t<div class=\"elementor-element elementor-element-18f6cba0 elementor-widget elementor-widget-text-editor\" data-id=\"18f6cba0\" data-element_type=\"widget\" data-widget_type=\"text-editor.default\">\n\t\t\t\t<div class=\"elementor-widget-container\">\n\t\t\t\t\t<div class=\"elementor-text-editor elementor-clearfix\"><p><span style=\"font-size: 16px;\">Administratorem danych osobowych zbieranych za po\u015brednictwem strony WWW jest PHUP Bronowski Sp. z o.o. ul. Fabryczna 11, 40-611 Katowice, wpisana do KRS pod numerem 000184950, NIP 548-21-92-212, REGON 072198718, adres e-mail: katowice@bronowski.pl, tel.\/fax\u00a0 +48 32 35 99 240, &#8211; zwana dalej &#8216;Administratorem&#8217;.<\/span><\/p><\/div>\n\t\t\t\t<\/div>\n\t\t\t\t<\/div>\n\t\t\t\t\t\t<\/div>\n\t\t\t<\/div>\n\t\t<\/div>\n\t\t\t\t<div class=\"elementor-element elementor-element-658a217f elementor-column elementor-col-50 elementor-inner-column\" data-id=\"658a217f\" data-element_type=\"column\">\n\t\t\t<div class=\"elementor-column-wrap  elementor-element-populated\">\n\t\t\t\t\t<div class=\"elementor-widget-wrap\">\n\t\t\t\t<div class=\"elementor-element elementor-element-6667fa6d elementor-widget elementor-widget-image\" data-id=\"6667fa6d\" data-element_type=\"widget\" data-widget_type=\"image.default\">\n\t\t\t\t<div class=\"elementor-widget-container\">\n\t\t\t\t\t<div class=\"elementor-image\">\n\t\t\t\t\t\t\t\t\t\t<img loading=\"lazy\" decoding=\"async\" width=\"800\" height=\"533\" src=\"https:\/\/mastah.bronowski.pl\/~blatni\/wp-content\/uploads\/2020\/04\/polityka-prywatnosci.jpg\" class=\"attachment-large size-large\" alt=\"\" srcset=\"https:\/\/mastah.bronowski.pl\/~blatni\/wp-content\/uploads\/2020\/04\/polityka-prywatnosci.jpg 800w, https:\/\/mastah.bronowski.pl\/~blatni\/wp-content\/uploads\/2020\/04\/polityka-prywatnosci-300x200.jpg 300w, https:\/\/mastah.bronowski.pl\/~blatni\/wp-content\/uploads\/2020\/04\/polityka-prywatnosci-768x512.jpg 768w\" sizes=\"auto, (max-width: 800px) 100vw, 800px\" \/>\t\t\t\t\t\t\t\t\t\t\t<\/div>\n\t\t\t\t<\/div>\n\t\t\t\t<\/div>\n\t\t\t\t\t\t<\/div>\n\t\t\t<\/div>\n\t\t<\/div>\n\t\t\t\t\t\t<\/div>\n\t\t\t<\/div>\n\t\t<\/section>\n\t\t\t\t<div class=\"elementor-element elementor-element-4dc5fa44 elementor-widget elementor-widget-text-editor\" data-id=\"4dc5fa44\" data-element_type=\"widget\" data-widget_type=\"text-editor.default\">\n\t\t\t\t<div class=\"elementor-widget-container\">\n\t\t\t\t\t<div class=\"elementor-text-editor elementor-clearfix\"><h3 style=\"margin-bottom: 0px; line-height: 1; text-align: start; text-transform: uppercase; letter-spacing: -1px; font-variant-caps: normal; font-variant-ligatures: normal; font-style: normal; font-size: 35px; font-family: 'Work Sans', sans-serif; color: #016834;\" data-elementor-setting-key=\"title\" data-pen-placeholder=\"Pisz tutaj...\"><span style=\"font-family: 'Work Sans', sans-serif; font-size: 35px; font-style: normal; font-variant-ligatures: normal; font-variant-caps: normal; font-weight: 600;\">POLITYKA COOKIES<br \/><\/span><\/h3><div><span style=\"font-family: 'Work Sans', sans-serif; font-size: 35px; font-style: normal; font-variant-ligatures: normal; font-variant-caps: normal; font-weight: 600;\">\u00a0<\/span><\/div><p style=\"text-align: start; background-color: #ffffff;\"><span style=\"color: #000000; font-family: Poppins, 'Segoe UI', Arial, sans-serif; font-size: 16px;\">Pliki cookies s\u0105 to pliki, kt\u00f3re nale\u017cy rozumie\u0107 jako dane informatyczne, w szczeg\u00f3lno\u015bci pliki tekstowe, kt\u00f3re s\u0105 przechowywane na urz\u0105dzeniach ko\u0144cowych u\u017cytkownik\u00f3w, maj\u0105ce przeznaczenie do korzystania ze strony www. Pliki cookies pozwalaj\u0105 na rozpoznanie urz\u0105dzenia u\u017cytkownika oraz na poprawne wy\u015bwietlenie strony internetowej dostosowanej do indywidualnych preferencji u\u017cytkownika. Zazwyczaj pliki cookies zawieraj\u0105 nazw\u0119 strony internetowej z kt\u00f3rej pochodz\u0105, czas przechowywania ich na urz\u0105dzeniu ko\u0144cowym oraz unikalny numer.<\/span><\/p><p style=\"text-align: start; background-color: #ffffff;\"><span style=\"color: #000000; font-family: Poppins, 'Segoe UI', Arial, sans-serif; font-size: 16px;\">Do czego u\u017cywamy plik\u00f3w cookies?<\/span><\/p><p style=\"text-align: start; background-color: #ffffff;\"><span style=\"color: #000000; font-family: Poppins, 'Segoe UI', Arial, sans-serif; font-size: 16px;\">Cookies stosowane s\u0105 w celu dostosowania zawarto\u015bci strony www do preferencji u\u017cytkownika oraz optymalizacji korzystania ze stron. Pliki, te s\u0105 u\u017cywane r\u00f3wnie\u017c w celu tworzenia anonimowych statystyk &#8211; pozwalaj\u0105 one zrozumie\u0107 w jaki spos\u00f3b u\u017cytkownik korzysta ze strony, co umo\u017cliwia ulepszanie ich struktury i zawarto\u015bci, z wy\u0142\u0105czeniem personalnej identyfikacji u\u017cytkownika.<\/span><\/p><p style=\"text-align: start; background-color: #ffffff;\"><span style=\"color: #000000; font-family: Poppins, 'Segoe UI', Arial, sans-serif; font-size: 16px;\">Google Analytics<\/span><\/p><p style=\"text-align: start; background-color: #ffffff;\"><span style=\"color: #000000; font-family: Poppins, 'Segoe UI', Arial, sans-serif; font-size: 16px;\">Korzystamy z Google Analytics &#8211; us\u0142ugi udost\u0119pnianej przez Google, kt\u00f3ra umo\u017cliwia analiz\u0119 ogl\u0105dalno\u015bci witryny internetowej. Google Analytics wykorzystuje cookies w celu umo\u017cliwienia witrynie przeanalizowania sposobu w jaki u\u017cytkownik z niej korzysta. Wi\u0119cej szczeg\u00f3\u0142\u00f3w na temat wykorzystania cookies przez Google Analytics znajdziesz w polityce prywatno\u015bci Google Analytics.<\/span><\/p><p style=\"text-align: start; background-color: #ffffff;\"><span style=\"color: #000000; font-family: Poppins, 'Segoe UI', Arial, sans-serif; font-size: 16px;\">Jakich plik\u00f3w cookies u\u017cywamy?<\/span><\/p><p style=\"text-align: start; background-color: #ffffff;\"><span style=\"color: #000000; font-family: Poppins, 'Segoe UI', Arial, sans-serif; font-size: 16px;\">Wykorzystujemy dw\u00f3ch rodzaj\u00f3w plik\u00f3w cookies &#8211; sesyjne oraz sta\u0142e. Cookies sesyjne s\u0105 plikami tymczasowymi, pozostaj\u0105 one na urz\u0105dzeniu u\u017cytkownika, do czasu wylogowania si\u0119 ze strony www lub do czasu wy\u0142\u0105czenia oprogramowania. Cookies sta\u0142e to pliki pozostaj\u0105ce na urz\u0105dzeniach na czas okre\u015blony w parametrach tych plik\u00f3w lub do czasu ich r\u0119cznego usuni\u0119cia przez u\u017cytkownika.<\/span><\/p><p style=\"text-align: start; background-color: #ffffff;\"><span style=\"color: #000000; font-family: Poppins, 'Segoe UI', Arial, sans-serif; font-size: 16px;\">Czy pliki cookies zawieraj\u0105 dane osobowe?<\/span><\/p><p style=\"text-align: start; background-color: #ffffff;\"><span style=\"color: #000000; font-family: Poppins, 'Segoe UI', Arial, sans-serif; font-size: 16px;\">Dane osobowe gromadzone przy u\u017cyciu plik\u00f3w cookies mog\u0105 by\u0107 zbierane wy\u0142\u0105cznie w celu wykonywania okre\u015blonych funkcji na rzecz u\u017cytkownika. Dane te s\u0105 zaszyfrowane w spos\u00f3b uniemo\u017cliwiaj\u0105cy dost\u0119p do nich osobom nieuprawnionym.<\/span><\/p><p style=\"text-align: start; background-color: #ffffff;\"><span style=\"color: #000000; font-family: Poppins, 'Segoe UI', Arial, sans-serif; font-size: 16px;\">Usuwanie plik\u00f3w cookies<\/span><\/p><p style=\"text-align: start; background-color: #ffffff;\"><span style=\"color: #000000; font-family: Poppins, 'Segoe UI', Arial, sans-serif; font-size: 16px;\">Oprogramowanie (przegl\u0105darki internetowe) domy\u015blnie pozwala na umieszczanie plik\u00f3w cookies na urz\u0105dzeniu ko\u0144cowym. U\u017cytkownik mo\u017ce zmieni\u0107 te ustawienia w taki spos\u00f3b, aby blokowa\u0107 automatyczn\u0105 obs\u0142ug\u0119 plik\u00f3w cookies w ustawieniach przegl\u0105darki internetowej b\u0105d\u017a informowa\u0107 o ich ka\u017cdorazowym przes\u0142aniu na urz\u0105dzenie u\u017cytkownika. Szczeg\u00f3\u0142owe informacje o mo\u017cliwo\u015bci i sposobach obs\u0142ugi plik\u00f3w cookies dost\u0119pne s\u0105 w ustawieniach oprogramowania (przegl\u0105darki internetowej). Ograniczenie stosowania plik\u00f3w cookies, mo\u017ce wp\u0142yn\u0105\u0107 na niekt\u00f3re funkcjonalno\u015bci dost\u0119pne na stronie internetowej.<\/span><\/p><p style=\"text-align: start; background-color: #ffffff;\"><span style=\"color: #000000; font-family: Poppins, 'Segoe UI', Arial, sans-serif; font-size: 16px;\">Niniejsza Polityka dotyczy plik\u00f3w cookies i odnosi si\u0119 do stron internetowych dost\u0119pnych pod domen\u0105 bronowski.pl<\/span><\/p><h3 style=\"margin-bottom: 0px; font-variant-ligatures: normal; font-variant-caps: normal; line-height: 1; font-family: 'Work Sans', sans-serif; font-size: 35px; font-style: normal; color: #016834; text-align: start; text-transform: uppercase; letter-spacing: -1px;\" data-elementor-setting-key=\"title\" data-pen-placeholder=\"Pisz tutaj...\">RODO<\/h3><div>\u00a0<\/div><p style=\"font-variant-ligatures: normal; font-variant-caps: normal; font-family: Poppins, 'Segoe UI', Arial, sans-serif; font-size: 16px; font-style: normal; font-weight: 400; text-align: start; background-color: #ffffff; color: #000000;\">Zgodnie z art. 13 Rozporz\u0105dzenia Parlamentu Europejskiego i Rady (UE) 2016\/679 z dnia 27 kwietnia 2016 roku<br \/><span style=\"font-family: Poppins, 'Segoe UI', Arial, sans-serif; font-size: 16px; font-style: normal; font-variant-ligatures: normal; font-variant-caps: normal; font-weight: 400;\">w sprawie ochrony os\u00f3b fizycznych w zwi\u0105zku z przetwarzaniem danych osobowych i w sprawie swobodnego przep\u0142ywu takich danych oraz uchylenia dyrektywy\u00a0 95\/46\/WE<\/span><span style=\"font-family: Poppins, 'Segoe UI', Arial, sans-serif; font-size: 16px; font-style: normal; font-variant-ligatures: normal; font-variant-caps: normal; font-weight: 400;\">\u00a0(og\u00f3lne rozporz\u0105dzenie o ochronie danych), obowi\u0105zuj\u0105cego od 25 maja 2018 r., informuj\u0119, i\u017c:<\/span><\/p><ol style=\"margin-top: -10px; margin-bottom: 20px; margin-left: 0px; padding-left: 30px; font-variant-ligatures: normal; font-variant-caps: normal; font-family: Poppins, 'Segoe UI', Arial, sans-serif; font-size: 16px; font-style: normal; font-weight: 400; list-style-position: initial; list-style-image: initial; text-align: start; background-color: #ffffff; color: #000000;\"><li style=\"margin-bottom: 4px; font-size: 16px;\">administratorem Pani\/Pana danych osobowych jest PHUP Bronowski Sp. z o.o. ,<br \/><span style=\"font-size: 16px;\">ul. Cieszy\u0144ska 25, 43-430 Skocz\u00f3w;<\/span><\/li><li style=\"margin-bottom: 4px; font-size: 16px;\">Pani\/Pana dane osobowe przetwarzane b\u0119d\u0105 w celu nawi\u0105zania kontaktu na podstawie art. 6 ust. 1 lit. f og\u00f3lnego rozporz\u0105dzenia o ochronie danych osobowych z dnia 27 kwietnia 2016 r. jako usprawiedliwionego interesu administratora;<\/li><li style=\"margin-bottom: 4px; font-size: 16px;\">odbiorcami Pani\/Pana danych osobowych b\u0119d\u0105 wy\u0142\u0105cznie podmioty uprawnione do uzyskania danych osobowych na podstawie przepis\u00f3w prawa oraz\u00a0<span style=\"font-size: 16px; color: #ff0000;\">partnerzy \u015bwiadcz\u0105cy us\u0142ugi techniczne<br \/>(np. rozwijanie i utrzymanie system\u00f3w informatycznych)<\/span><span style=\"font-size: 16px;\">;<\/span><\/li><li style=\"margin-bottom: 4px; font-size: 16px;\">Pani\/Pana dane osobowe przechowywane b\u0119d\u0105 przez okres 3 lat;<\/li><li style=\"margin-bottom: 4px; font-size: 16px;\">posiada Pani\/Pan prawo do \u017c\u0105dania od administratora dost\u0119pu do danych osobowych,<br \/>prawo do ich sprostowania, usuni\u0119cia lub ograniczenia przetwarzania;<\/li><li style=\"margin-bottom: 4px; font-size: 16px;\">ma Pani\/Pan prawo wniesienia skargi do organu nadzorczego, gdy uzna Pani\/Pan,<br \/>\u017ce przetwarzanie Pani\/Pana danych osobowych narusza przepisu ustawy o ochronie danych osobowych,<br \/>a od 25 maja 2018 r. og\u00f3lnego rozporz\u0105dzenia o ochronie danych osobowych z dnia 27 kwietnia 2016 r.;<\/li><li style=\"margin-bottom: 4px; font-size: 16px;\">podanie danych osobowych jest dobrowolne, jednak\u017ce niepodanie danych mo\u017ce skutkowa\u0107 niemo\u017cliwo\u015bci\u0105 nawi\u0105zania kontaktu.<\/li><\/ol><\/div>\n\t\t\t\t<\/div>\n\t\t\t\t<\/div>\n\t\t\t\t<section class=\"elementor-element elementor-element-643d194b elementor-section-full_width elementor-section-height-default elementor-section-height-default elementor-section elementor-inner-section\" data-id=\"643d194b\" data-element_type=\"section\">\n\t\t\t\t\t\t<div class=\"elementor-container elementor-column-gap-default\">\n\t\t\t\t<div class=\"elementor-row\">\n\t\t\t\t<div class=\"elementor-element elementor-element-1c90727c elementor-column elementor-col-33 elementor-inner-column\" data-id=\"1c90727c\" data-element_type=\"column\">\n\t\t\t<div class=\"elementor-column-wrap  elementor-element-populated\">\n\t\t\t\t\t<div class=\"elementor-widget-wrap\">\n\t\t\t\t<div class=\"elementor-element elementor-element-59091436 elementor-widget elementor-widget-image\" data-id=\"59091436\" data-element_type=\"widget\" data-widget_type=\"image.default\">\n\t\t\t\t<div class=\"elementor-widget-container\">\n\t\t\t\t\t<div class=\"elementor-image\">\n\t\t\t\t\t\t\t\t\t\t<img loading=\"lazy\" decoding=\"async\" width=\"626\" height=\"417\" src=\"https:\/\/mastah.bronowski.pl\/~blatni\/wp-content\/uploads\/2020\/04\/czesci-samochodowe-naprawy-garazu_1170-1702.jpg\" class=\"attachment-large size-large\" alt=\"\" srcset=\"https:\/\/mastah.bronowski.pl\/~blatni\/wp-content\/uploads\/2020\/04\/czesci-samochodowe-naprawy-garazu_1170-1702.jpg 626w, https:\/\/mastah.bronowski.pl\/~blatni\/wp-content\/uploads\/2020\/04\/czesci-samochodowe-naprawy-garazu_1170-1702-300x200.jpg 300w\" sizes=\"auto, (max-width: 626px) 100vw, 626px\" \/>\t\t\t\t\t\t\t\t\t\t\t<\/div>\n\t\t\t\t<\/div>\n\t\t\t\t<\/div>\n\t\t\t\t\t\t<\/div>\n\t\t\t<\/div>\n\t\t<\/div>\n\t\t\t\t<div class=\"elementor-element elementor-element-25ad792f elementor-column elementor-col-33 elementor-inner-column\" data-id=\"25ad792f\" data-element_type=\"column\">\n\t\t\t<div class=\"elementor-column-wrap  elementor-element-populated\">\n\t\t\t\t\t<div class=\"elementor-widget-wrap\">\n\t\t\t\t<div class=\"elementor-element elementor-element-140fa32f elementor-widget elementor-widget-image\" data-id=\"140fa32f\" data-element_type=\"widget\" data-widget_type=\"image.default\">\n\t\t\t\t<div class=\"elementor-widget-container\">\n\t\t\t\t\t<div class=\"elementor-image\">\n\t\t\t\t\t\t\t\t\t\t<img loading=\"lazy\" decoding=\"async\" width=\"626\" height=\"417\" src=\"https:\/\/mastah.bronowski.pl\/~blatni\/wp-content\/uploads\/2020\/04\/mechanika-mezczyzna-naprawiania-samochod_1150-6496.jpg\" class=\"attachment-large size-large\" alt=\"\" srcset=\"https:\/\/mastah.bronowski.pl\/~blatni\/wp-content\/uploads\/2020\/04\/mechanika-mezczyzna-naprawiania-samochod_1150-6496.jpg 626w, https:\/\/mastah.bronowski.pl\/~blatni\/wp-content\/uploads\/2020\/04\/mechanika-mezczyzna-naprawiania-samochod_1150-6496-300x200.jpg 300w\" sizes=\"auto, (max-width: 626px) 100vw, 626px\" \/>\t\t\t\t\t\t\t\t\t\t\t<\/div>\n\t\t\t\t<\/div>\n\t\t\t\t<\/div>\n\t\t\t\t\t\t<\/div>\n\t\t\t<\/div>\n\t\t<\/div>\n\t\t\t\t<div class=\"elementor-element elementor-element-3a7e5c22 elementor-column elementor-col-33 elementor-inner-column\" data-id=\"3a7e5c22\" data-element_type=\"column\">\n\t\t\t<div class=\"elementor-column-wrap  elementor-element-populated\">\n\t\t\t\t\t<div class=\"elementor-widget-wrap\">\n\t\t\t\t<div class=\"elementor-element elementor-element-233a4658 elementor-widget elementor-widget-image\" data-id=\"233a4658\" data-element_type=\"widget\" data-widget_type=\"image.default\">\n\t\t\t\t<div class=\"elementor-widget-container\">\n\t\t\t\t\t<div class=\"elementor-image\">\n\t\t\t\t\t\t\t\t\t\t<img loading=\"lazy\" decoding=\"async\" width=\"626\" height=\"418\" src=\"https:\/\/mastah.bronowski.pl\/~blatni\/wp-content\/uploads\/2020\/04\/podrozy-samochodem-przez-sloneczny-drogach_1088-51.jpg\" class=\"attachment-large size-large\" alt=\"\" srcset=\"https:\/\/mastah.bronowski.pl\/~blatni\/wp-content\/uploads\/2020\/04\/podrozy-samochodem-przez-sloneczny-drogach_1088-51.jpg 626w, https:\/\/mastah.bronowski.pl\/~blatni\/wp-content\/uploads\/2020\/04\/podrozy-samochodem-przez-sloneczny-drogach_1088-51-300x200.jpg 300w\" sizes=\"auto, (max-width: 626px) 100vw, 626px\" \/>\t\t\t\t\t\t\t\t\t\t\t<\/div>\n\t\t\t\t<\/div>\n\t\t\t\t<\/div>\n\t\t\t\t\t\t<\/div>\n\t\t\t<\/div>\n\t\t<\/div>\n\t\t\t\t\t\t<\/div>\n\t\t\t<\/div>\n\t\t<\/section>\n\t\t\t\t<section class=\"elementor-element elementor-element-939ed69 elementor-section-full_width elementor-section-height-default elementor-section-height-default elementor-section elementor-inner-section\" data-id=\"939ed69\" data-element_type=\"section\">\n\t\t\t\t\t\t<div class=\"elementor-container elementor-column-gap-default\">\n\t\t\t\t<div class=\"elementor-row\">\n\t\t\t\t<div class=\"elementor-element elementor-element-74d9cf8d elementor-column elementor-col-50 elementor-inner-column\" data-id=\"74d9cf8d\" data-element_type=\"column\">\n\t\t\t<div class=\"elementor-column-wrap  elementor-element-populated\">\n\t\t\t\t\t<div class=\"elementor-widget-wrap\">\n\t\t\t\t<div class=\"elementor-element elementor-element-7ba762d0 elementor-widget elementor-widget-image\" data-id=\"7ba762d0\" data-element_type=\"widget\" data-widget_type=\"image.default\">\n\t\t\t\t<div class=\"elementor-widget-container\">\n\t\t\t\t\t<div class=\"elementor-image\">\n\t\t\t\t\t\t\t\t\t\t<img loading=\"lazy\" decoding=\"async\" width=\"626\" height=\"417\" src=\"https:\/\/mastah.bronowski.pl\/~blatni\/wp-content\/uploads\/2020\/04\/samochod-prowadzacy-zaswieca-realistycznego-sklad-z-widokiem-nocy-drogi-i-sylwetkami-samochodow-swiatla-ruchu-ilustracyjni_1284-28531.jpg\" class=\"attachment-large size-large\" alt=\"\" srcset=\"https:\/\/mastah.bronowski.pl\/~blatni\/wp-content\/uploads\/2020\/04\/samochod-prowadzacy-zaswieca-realistycznego-sklad-z-widokiem-nocy-drogi-i-sylwetkami-samochodow-swiatla-ruchu-ilustracyjni_1284-28531.jpg 626w, https:\/\/mastah.bronowski.pl\/~blatni\/wp-content\/uploads\/2020\/04\/samochod-prowadzacy-zaswieca-realistycznego-sklad-z-widokiem-nocy-drogi-i-sylwetkami-samochodow-swiatla-ruchu-ilustracyjni_1284-28531-300x200.jpg 300w\" sizes=\"auto, (max-width: 626px) 100vw, 626px\" \/>\t\t\t\t\t\t\t\t\t\t\t<\/div>\n\t\t\t\t<\/div>\n\t\t\t\t<\/div>\n\t\t\t\t\t\t<\/div>\n\t\t\t<\/div>\n\t\t<\/div>\n\t\t\t\t<div class=\"elementor-element elementor-element-205335ae elementor-column elementor-col-50 elementor-inner-column\" data-id=\"205335ae\" data-element_type=\"column\" data-settings=\"{&quot;background_background&quot;:&quot;classic&quot;}\">\n\t\t\t<div class=\"elementor-column-wrap  elementor-element-populated\">\n\t\t\t\t\t<div class=\"elementor-widget-wrap\">\n\t\t\t\t<div class=\"elementor-element elementor-element-7b823852 elementor-widget elementor-widget-text-editor\" data-id=\"7b823852\" data-element_type=\"widget\" data-widget_type=\"text-editor.default\">\n\t\t\t\t<div class=\"elementor-widget-container\">\n\t\t\t\t\t<div class=\"elementor-text-editor elementor-clearfix\"><p>Strona WWW mo\u017ce zawiera\u0107 odno\u015bniki do innych stron internetowych. Administrator namawia by po przej\u015bciu na inne strony, zapozna\u0107 si\u0119 z polityk\u0105 prywatno\u015bci tam ustalon\u0105.<br \/><span style=\"font-size: 16px;\">Administrator stosuje \u015brodki techniczne i organizacyjne zapewniaj\u0105ce ochron\u0119 przetwarzanych danych osobowych odpowiedni\u0105 do zagro\u017ce\u0144 oraz kategorii danych obj\u0119tych ochron\u0105, a w szczeg\u00f3lno\u015bci zabezpiecza dane przed ich udost\u0119pnieniem osobom nieupowa\u017cnionym, zabraniem przez osob\u0119 nieuprawnion\u0105, przetwarzaniem z naruszeniem obowi\u0105zuj\u0105cych przepis\u00f3w oraz zmian\u0105, utrat\u0105, uszkodzeniem lub zniszczeniem.<\/span><\/p><\/div>\n\t\t\t\t<\/div>\n\t\t\t\t<\/div>\n\t\t\t\t\t\t<\/div>\n\t\t\t<\/div>\n\t\t<\/div>\n\t\t\t\t\t\t<\/div>\n\t\t\t<\/div>\n\t\t<\/section>\n\t\t\t\t\t\t<\/div>\n\t\t\t<\/div>\n\t\t<\/div>\n\t\t\t\t\t\t<\/div>\n\t\t\t<\/div>\n\t\t<\/section>\n\t\t\t\t\t\t<\/div>\n\t\t\t<\/div>\n\t\t<\/div>\n\t\t","protected":false},"excerpt":{"rendered":"<p>Administratorem danych osobowych zbieranych za po\u015brednictwem strony WWW jest PHUP Bronowski Sp. z o.o. ul. Fabryczna 11, 40-611 Katowice, wpisana do KRS pod numerem 000184950, NIP 548-21-92-212, REGON 072198718, adres e-mail: katowice@bronowski.pl, tel.\/fax\u00a0 +48 32 35 99 240, &#8211; zwana dalej &#8216;Administratorem&#8217;. POLITYKA COOKIES \u00a0 Pliki cookies s\u0105 to pliki, kt\u00f3re nale\u017cy rozumie\u0107 jako dane [&hellip;]<\/p>\n","protected":false},"author":1,"featured_media":0,"parent":0,"menu_order":0,"comment_status":"closed","ping_status":"closed","template":"","meta":{"footnotes":""},"class_list":["post-1154","page","type-page","status-publish","hentry","entry"],"_links":{"self":[{"href":"https:\/\/mastah.bronowski.pl\/index.php?rest_route=\/wp\/v2\/pages\/1154","targetHints":{"allow":["GET"]}}],"collection":[{"href":"https:\/\/mastah.bronowski.pl\/index.php?rest_route=\/wp\/v2\/pages"}],"about":[{"href":"https:\/\/mastah.bronowski.pl\/index.php?rest_route=\/wp\/v2\/types\/page"}],"author":[{"embeddable":true,"href":"https:\/\/mastah.bronowski.pl\/index.php?rest_route=\/wp\/v2\/users\/1"}],"replies":[{"embeddable":true,"href":"https:\/\/mastah.bronowski.pl\/index.php?rest_route=%2Fwp%2Fv2%2Fcomments&post=1154"}],"version-history":[{"count":13,"href":"https:\/\/mastah.bronowski.pl\/index.php?rest_route=\/wp\/v2\/pages\/1154\/revisions"}],"predecessor-version":[{"id":1417,"href":"https:\/\/mastah.bronowski.pl\/index.php?rest_route=\/wp\/v2\/pages\/1154\/revisions\/1417"}],"wp:attachment":[{"href":"https:\/\/mastah.bronowski.pl\/index.php?rest_route=%2Fwp%2Fv2%2Fmedia&parent=1154"}],"curies":[{"name":"wp","href":"https:\/\/api.w.org\/{rel}","templated":true}]}}