{"id":1214,"date":"2019-06-18T07:24:53","date_gmt":"2019-06-18T07:24:53","guid":{"rendered":"http:\/\/mastah.bronowski.pl\/~blatni\/?page_id=1214"},"modified":"2022-02-09T20:22:13","modified_gmt":"2022-02-09T20:22:13","slug":"o-firmie","status":"publish","type":"page","link":"https:\/\/mastah.bronowski.pl\/?page_id=1214","title":{"rendered":"O firmie"},"content":{"rendered":"\t\t<div data-elementor-type=\"wp-post\" data-elementor-id=\"1214\" class=\"elementor elementor-1214\" data-elementor-settings=\"[]\">\n\t\t\t<div class=\"elementor-inner\">\n\t\t\t\t<div class=\"elementor-section-wrap\">\n\t\t\t\t\t\t\t<section class=\"elementor-element elementor-element-5fc0dfb5 elementor-section-full_width elementor-section-height-default elementor-section-height-default elementor-section elementor-top-section\" data-id=\"5fc0dfb5\" data-element_type=\"section\" data-settings=\"{&quot;background_background&quot;:&quot;classic&quot;}\">\n\t\t\t\t\t\t<div class=\"elementor-container elementor-column-gap-default\">\n\t\t\t\t<div class=\"elementor-row\">\n\t\t\t\t<div class=\"elementor-element elementor-element-1092c0ba elementor-column elementor-col-100 elementor-top-column\" data-id=\"1092c0ba\" data-element_type=\"column\" data-settings=\"{&quot;background_background&quot;:&quot;classic&quot;}\">\n\t\t\t<div class=\"elementor-column-wrap  elementor-element-populated\">\n\t\t\t\t\t<div class=\"elementor-widget-wrap\">\n\t\t\t\t<section class=\"elementor-element elementor-element-745bd6fb elementor-section-full_width elementor-section-height-default elementor-section-height-default elementor-section elementor-inner-section\" data-id=\"745bd6fb\" data-element_type=\"section\">\n\t\t\t\t\t\t<div class=\"elementor-container elementor-column-gap-default\">\n\t\t\t\t<div class=\"elementor-row\">\n\t\t\t\t<div class=\"elementor-element elementor-element-10a0be22 elementor-column elementor-col-50 elementor-inner-column\" data-id=\"10a0be22\" data-element_type=\"column\" data-settings=\"{&quot;background_background&quot;:&quot;classic&quot;}\">\n\t\t\t<div class=\"elementor-column-wrap  elementor-element-populated\">\n\t\t\t\t\t<div class=\"elementor-widget-wrap\">\n\t\t\t\t<div class=\"elementor-element elementor-element-6d4ce6e7 elementor-widget elementor-widget-text-editor\" data-id=\"6d4ce6e7\" data-element_type=\"widget\" data-widget_type=\"text-editor.default\">\n\t\t\t\t<div class=\"elementor-widget-container\">\n\t\t\t\t\t<div class=\"elementor-text-editor elementor-clearfix\"><p><span style=\"font-size: 16px;\">PHUP Bronowski Sp. z o.o.<br \/><\/span><span style=\"font-size: 16px;\">ul. Cieszy\u0144ska 25<br \/><\/span><span style=\"font-size: 16px;\">43-430 Skocz\u00f3w<br \/><\/span><span style=\"font-size: 16px;\">NIP 548-21-92-212<br \/><\/span><span style=\"font-size: 16px;\">REGON 072198718<br \/><\/span><span style=\"font-size: 16px;\">KRS 0000184950<br \/><\/span><span style=\"font-size: 16px;\">tel.\/fax +48 33 857 84 00<br \/><\/span><span style=\"font-size: 16px;\">e-mail: <a href=\"mailto:info@bronowski.pl\">info@bronowski.pl<\/a><\/span><\/p><\/div>\n\t\t\t\t<\/div>\n\t\t\t\t<\/div>\n\t\t\t\t\t\t<\/div>\n\t\t\t<\/div>\n\t\t<\/div>\n\t\t\t\t<div class=\"elementor-element elementor-element-2b45a167 elementor-column elementor-col-50 elementor-inner-column\" data-id=\"2b45a167\" data-element_type=\"column\">\n\t\t\t<div class=\"elementor-column-wrap  elementor-element-populated\">\n\t\t\t\t\t<div class=\"elementor-widget-wrap\">\n\t\t\t\t<div class=\"elementor-element elementor-element-d572fa2 elementor-widget elementor-widget-image\" data-id=\"d572fa2\" data-element_type=\"widget\" data-widget_type=\"image.default\">\n\t\t\t\t<div class=\"elementor-widget-container\">\n\t\t\t\t\t<div class=\"elementor-image\">\n\t\t\t\t\t\t\t\t\t\t<img loading=\"lazy\" decoding=\"async\" width=\"626\" height=\"389\" src=\"https:\/\/mastah.bronowski.pl\/~blatni\/wp-content\/uploads\/2020\/03\/miastowe-budynki-z-pejzaz-miejski-sceneria_18591-51831.jpg\" class=\"attachment-large size-large\" alt=\"\" srcset=\"https:\/\/mastah.bronowski.pl\/~blatni\/wp-content\/uploads\/2020\/03\/miastowe-budynki-z-pejzaz-miejski-sceneria_18591-51831.jpg 626w, https:\/\/mastah.bronowski.pl\/~blatni\/wp-content\/uploads\/2020\/03\/miastowe-budynki-z-pejzaz-miejski-sceneria_18591-51831-300x186.jpg 300w\" sizes=\"auto, (max-width: 626px) 100vw, 626px\" \/>\t\t\t\t\t\t\t\t\t\t\t<\/div>\n\t\t\t\t<\/div>\n\t\t\t\t<\/div>\n\t\t\t\t\t\t<\/div>\n\t\t\t<\/div>\n\t\t<\/div>\n\t\t\t\t\t\t<\/div>\n\t\t\t<\/div>\n\t\t<\/section>\n\t\t\t\t<div class=\"elementor-element elementor-element-42ccb700 elementor-widget elementor-widget-text-editor\" data-id=\"42ccb700\" data-element_type=\"widget\" data-widget_type=\"text-editor.default\">\n\t\t\t\t<div class=\"elementor-widget-container\">\n\t\t\t\t\t<div class=\"elementor-text-editor elementor-clearfix\"><p>Jeste\u015bmy firm\u0105 z wieloletnim do\u015bwiadczeniem &#8211; dzia\u0142amy na rynku motoryzacyjnym od 1999 roku.<br \/>Wsp\u00f3\u0142pracujemy z 200 dostawcami cz\u0119\u015bci samochodowych tj. Sachs,Lmi,Mann FIlter,Febi Bilstein itp.<br \/>W swojej ofercie posiadamy ponad 20 000 pozycji dost\u0119pnych od r\u0119ki na magazynie.<br \/><span style=\"font-size: 16px;\">Stale rozszerzamy Nasz\u0105 ofert\u0119 cz\u0119\u015bci samochodowych.<br \/><\/span><span style=\"font-size: 16px;\">Zatrudniamy specjalist\u00f3w kt\u00f3rzy s\u0105 w stanie dobra\u0107\u00a0<\/span><span style=\"font-size: 16px;\">ka\u017cd\u0105 cz\u0119\u015b\u0107 do Waszego auta.<br \/><\/span><span style=\"font-size: 16px;\">Nasz\u0105 misj\u0105 jest zadowolenie ka\u017cdego klienta dostarczaj\u0105c szybko i sprawnie zam\u00f3wione cz\u0119\u015bci.<\/span><\/p><\/div>\n\t\t\t\t<\/div>\n\t\t\t\t<\/div>\n\t\t\t\t<section class=\"elementor-element elementor-element-3cc28e25 elementor-section-full_width elementor-section-height-default elementor-section-height-default elementor-section elementor-inner-section\" data-id=\"3cc28e25\" data-element_type=\"section\">\n\t\t\t\t\t\t<div class=\"elementor-container elementor-column-gap-default\">\n\t\t\t\t<div class=\"elementor-row\">\n\t\t\t\t<div class=\"elementor-element elementor-element-5eea327 elementor-column elementor-col-33 elementor-inner-column\" data-id=\"5eea327\" data-element_type=\"column\">\n\t\t\t<div class=\"elementor-column-wrap  elementor-element-populated\">\n\t\t\t\t\t<div class=\"elementor-widget-wrap\">\n\t\t\t\t<div class=\"elementor-element elementor-element-69f438cf elementor-widget elementor-widget-image\" data-id=\"69f438cf\" data-element_type=\"widget\" data-widget_type=\"image.default\">\n\t\t\t\t<div class=\"elementor-widget-container\">\n\t\t\t\t\t<div class=\"elementor-image\">\n\t\t\t\t\t\t\t\t\t\t<img loading=\"lazy\" decoding=\"async\" width=\"626\" height=\"417\" src=\"https:\/\/mastah.bronowski.pl\/~blatni\/wp-content\/uploads\/2020\/10\/czesci-zapasowe-dla-samochodu_1170-1344.jpg\" class=\"attachment-large size-large\" alt=\"\" srcset=\"https:\/\/mastah.bronowski.pl\/~blatni\/wp-content\/uploads\/2020\/10\/czesci-zapasowe-dla-samochodu_1170-1344.jpg 626w, https:\/\/mastah.bronowski.pl\/~blatni\/wp-content\/uploads\/2020\/10\/czesci-zapasowe-dla-samochodu_1170-1344-300x200.jpg 300w\" sizes=\"auto, (max-width: 626px) 100vw, 626px\" \/>\t\t\t\t\t\t\t\t\t\t\t<\/div>\n\t\t\t\t<\/div>\n\t\t\t\t<\/div>\n\t\t\t\t\t\t<\/div>\n\t\t\t<\/div>\n\t\t<\/div>\n\t\t\t\t<div class=\"elementor-element elementor-element-68da4991 elementor-column elementor-col-33 elementor-inner-column\" data-id=\"68da4991\" data-element_type=\"column\">\n\t\t\t<div class=\"elementor-column-wrap  elementor-element-populated\">\n\t\t\t\t\t<div class=\"elementor-widget-wrap\">\n\t\t\t\t<div class=\"elementor-element elementor-element-6c66d458 elementor-widget elementor-widget-image\" data-id=\"6c66d458\" data-element_type=\"widget\" data-widget_type=\"image.default\">\n\t\t\t\t<div class=\"elementor-widget-container\">\n\t\t\t\t\t<div class=\"elementor-image\">\n\t\t\t\t\t\t\t\t\t\t<img loading=\"lazy\" decoding=\"async\" width=\"626\" height=\"417\" src=\"https:\/\/mastah.bronowski.pl\/~blatni\/wp-content\/uploads\/2020\/10\/spinning-roller-roller_1426-1384.jpg\" class=\"attachment-large size-large\" alt=\"\" srcset=\"https:\/\/mastah.bronowski.pl\/~blatni\/wp-content\/uploads\/2020\/10\/spinning-roller-roller_1426-1384.jpg 626w, https:\/\/mastah.bronowski.pl\/~blatni\/wp-content\/uploads\/2020\/10\/spinning-roller-roller_1426-1384-300x200.jpg 300w\" sizes=\"auto, (max-width: 626px) 100vw, 626px\" \/>\t\t\t\t\t\t\t\t\t\t\t<\/div>\n\t\t\t\t<\/div>\n\t\t\t\t<\/div>\n\t\t\t\t\t\t<\/div>\n\t\t\t<\/div>\n\t\t<\/div>\n\t\t\t\t<div class=\"elementor-element elementor-element-17c3c9ed elementor-column elementor-col-33 elementor-inner-column\" data-id=\"17c3c9ed\" data-element_type=\"column\">\n\t\t\t<div class=\"elementor-column-wrap  elementor-element-populated\">\n\t\t\t\t\t<div class=\"elementor-widget-wrap\">\n\t\t\t\t<div class=\"elementor-element elementor-element-46ac793f elementor-widget elementor-widget-image\" data-id=\"46ac793f\" data-element_type=\"widget\" data-widget_type=\"image.default\">\n\t\t\t\t<div class=\"elementor-widget-container\">\n\t\t\t\t\t<div class=\"elementor-image\">\n\t\t\t\t\t\t\t\t\t\t<img loading=\"lazy\" decoding=\"async\" width=\"626\" height=\"417\" src=\"https:\/\/mastah.bronowski.pl\/~blatni\/wp-content\/uploads\/2020\/10\/silnik-samochodowy_1373-184.jpg\" class=\"attachment-large size-large\" alt=\"\" srcset=\"https:\/\/mastah.bronowski.pl\/~blatni\/wp-content\/uploads\/2020\/10\/silnik-samochodowy_1373-184.jpg 626w, https:\/\/mastah.bronowski.pl\/~blatni\/wp-content\/uploads\/2020\/10\/silnik-samochodowy_1373-184-300x200.jpg 300w\" sizes=\"auto, (max-width: 626px) 100vw, 626px\" \/>\t\t\t\t\t\t\t\t\t\t\t<\/div>\n\t\t\t\t<\/div>\n\t\t\t\t<\/div>\n\t\t\t\t\t\t<\/div>\n\t\t\t<\/div>\n\t\t<\/div>\n\t\t\t\t\t\t<\/div>\n\t\t\t<\/div>\n\t\t<\/section>\n\t\t\t\t<section class=\"elementor-element elementor-element-3da20294 elementor-section-full_width elementor-section-height-default elementor-section-height-default elementor-section elementor-inner-section\" data-id=\"3da20294\" data-element_type=\"section\">\n\t\t\t\t\t\t<div class=\"elementor-container elementor-column-gap-default\">\n\t\t\t\t<div class=\"elementor-row\">\n\t\t\t\t<div class=\"elementor-element elementor-element-4351bb35 elementor-column elementor-col-50 elementor-inner-column\" data-id=\"4351bb35\" data-element_type=\"column\">\n\t\t\t<div class=\"elementor-column-wrap  elementor-element-populated\">\n\t\t\t\t\t<div class=\"elementor-widget-wrap\">\n\t\t\t\t<div class=\"elementor-element elementor-element-918899 elementor-widget elementor-widget-image\" data-id=\"918899\" data-element_type=\"widget\" data-widget_type=\"image.default\">\n\t\t\t\t<div class=\"elementor-widget-container\">\n\t\t\t\t\t<div class=\"elementor-image\">\n\t\t\t\t\t\t\t\t\t\t<img loading=\"lazy\" decoding=\"async\" width=\"626\" height=\"375\" src=\"https:\/\/mastah.bronowski.pl\/~blatni\/wp-content\/uploads\/2020\/03\/wnetrze-magazynu-z-polkami-pelnymi-towarow_103577-4975.jpg\" class=\"attachment-large size-large\" alt=\"\" srcset=\"https:\/\/mastah.bronowski.pl\/~blatni\/wp-content\/uploads\/2020\/03\/wnetrze-magazynu-z-polkami-pelnymi-towarow_103577-4975.jpg 626w, https:\/\/mastah.bronowski.pl\/~blatni\/wp-content\/uploads\/2020\/03\/wnetrze-magazynu-z-polkami-pelnymi-towarow_103577-4975-300x180.jpg 300w\" sizes=\"auto, (max-width: 626px) 100vw, 626px\" \/>\t\t\t\t\t\t\t\t\t\t\t<\/div>\n\t\t\t\t<\/div>\n\t\t\t\t<\/div>\n\t\t\t\t\t\t<\/div>\n\t\t\t<\/div>\n\t\t<\/div>\n\t\t\t\t<div class=\"elementor-element elementor-element-77339ff9 elementor-column elementor-col-50 elementor-inner-column\" data-id=\"77339ff9\" data-element_type=\"column\" data-settings=\"{&quot;background_background&quot;:&quot;classic&quot;}\">\n\t\t\t<div class=\"elementor-column-wrap  elementor-element-populated\">\n\t\t\t\t\t<div class=\"elementor-widget-wrap\">\n\t\t\t\t<div class=\"elementor-element elementor-element-62bf12c1 elementor-invisible elementor-widget elementor-widget-heading\" data-id=\"62bf12c1\" data-element_type=\"widget\" data-settings=\"{&quot;_animation&quot;:&quot;fadeInUp&quot;,&quot;_animation_delay&quot;:600}\" data-widget_type=\"heading.default\">\n\t\t\t\t<div class=\"elementor-widget-container\">\n\t\t\t<h3 class=\"elementor-heading-title elementor-size-default\">MAGAZYN CENTRALNY<\/h3>\t\t<\/div>\n\t\t\t\t<\/div>\n\t\t\t\t<div class=\"elementor-element elementor-element-40d01f01 elementor-widget elementor-widget-text-editor\" data-id=\"40d01f01\" data-element_type=\"widget\" data-widget_type=\"text-editor.default\">\n\t\t\t\t<div class=\"elementor-widget-container\">\n\t\t\t\t\t<div class=\"elementor-text-editor elementor-clearfix\"><p><strong>PHUP Bronowski Sp. z o.o.<br \/><\/strong><span style=\"font-size: 16px;\">Fabryczna 11<br \/><\/span><span style=\"font-size: 16px;\">40-611 Katowice-Ochojec<\/span><span style=\"font-size: 16px;\"><br \/><\/span><\/p><p>tel.\/fax +48 32 35 99 240<span style=\"font-family: 'Work Sans', sans-serif; font-size: 16px; font-style: normal; font-variant-ligatures: normal; font-variant-caps: normal; font-weight: 400;\"><br \/><\/span><span style=\"font-size: 16px;\">T-mobile: +48 692 409 043<br \/><\/span><span style=\"font-size: 16px;\">e-mail: <a href=\"mailto:katowice@bronowski.pl\">katowice@bronowski.pl<\/a><\/span><\/p><p><span style=\"font-size: 16px;\">Godziny otwarcia:<br \/><\/span><span style=\"font-size: 16px;\">Poniedzia\u0142ek-Pi\u0105tek 09:00-17:00<\/span><span style=\"font-size: 16px;\"><br \/><\/span><\/p><\/div>\n\t\t\t\t<\/div>\n\t\t\t\t<\/div>\n\t\t\t\t\t\t<\/div>\n\t\t\t<\/div>\n\t\t<\/div>\n\t\t\t\t\t\t<\/div>\n\t\t\t<\/div>\n\t\t<\/section>\n\t\t\t\t\t\t<\/div>\n\t\t\t<\/div>\n\t\t<\/div>\n\t\t\t\t\t\t<\/div>\n\t\t\t<\/div>\n\t\t<\/section>\n\t\t\t\t\t\t<\/div>\n\t\t\t<\/div>\n\t\t<\/div>\n\t\t","protected":false},"excerpt":{"rendered":"<p>PHUP Bronowski Sp. z o.o.ul. Cieszy\u0144ska 2543-430 Skocz\u00f3wNIP 548-21-92-212REGON 072198718KRS 0000184950tel.\/fax +48 33 857 84 00e-mail: info@bronowski.pl Jeste\u015bmy firm\u0105 z wieloletnim do\u015bwiadczeniem &#8211; dzia\u0142amy na rynku motoryzacyjnym od 1999 roku.Wsp\u00f3\u0142pracujemy z 200 dostawcami cz\u0119\u015bci samochodowych tj. Sachs,Lmi,Mann FIlter,Febi Bilstein itp.W swojej ofercie posiadamy ponad 20 000 pozycji dost\u0119pnych od r\u0119ki na magazynie.Stale rozszerzamy Nasz\u0105 ofert\u0119 [&hellip;]<\/p>\n","protected":false},"author":1,"featured_media":0,"parent":0,"menu_order":0,"comment_status":"closed","ping_status":"closed","template":"","meta":{"footnotes":""},"class_list":["post-1214","page","type-page","status-publish","hentry","entry"],"_links":{"self":[{"href":"https:\/\/mastah.bronowski.pl\/index.php?rest_route=\/wp\/v2\/pages\/1214","targetHints":{"allow":["GET"]}}],"collection":[{"href":"https:\/\/mastah.bronowski.pl\/index.php?rest_route=\/wp\/v2\/pages"}],"about":[{"href":"https:\/\/mastah.bronowski.pl\/index.php?rest_route=\/wp\/v2\/types\/page"}],"author":[{"embeddable":true,"href":"https:\/\/mastah.bronowski.pl\/index.php?rest_route=\/wp\/v2\/users\/1"}],"replies":[{"embeddable":true,"href":"https:\/\/mastah.bronowski.pl\/index.php?rest_route=%2Fwp%2Fv2%2Fcomments&post=1214"}],"version-history":[{"count":62,"href":"https:\/\/mastah.bronowski.pl\/index.php?rest_route=\/wp\/v2\/pages\/1214\/revisions"}],"predecessor-version":[{"id":1522,"href":"https:\/\/mastah.bronowski.pl\/index.php?rest_route=\/wp\/v2\/pages\/1214\/revisions\/1522"}],"wp:attachment":[{"href":"https:\/\/mastah.bronowski.pl\/index.php?rest_route=%2Fwp%2Fv2%2Fmedia&parent=1214"}],"curies":[{"name":"wp","href":"https:\/\/api.w.org\/{rel}","templated":true}]}}