{"id":1216,"date":"2019-06-18T07:25:09","date_gmt":"2019-06-18T07:25:09","guid":{"rendered":"http:\/\/mastah.bronowski.pl\/~blatni\/?page_id=1216"},"modified":"2020-03-21T22:11:00","modified_gmt":"2020-03-21T22:11:00","slug":"dostawcy","status":"publish","type":"page","link":"https:\/\/mastah.bronowski.pl\/?page_id=1216","title":{"rendered":"Dostawcy"},"content":{"rendered":"\t\t<div data-elementor-type=\"wp-post\" data-elementor-id=\"1216\" class=\"elementor elementor-1216\" data-elementor-settings=\"[]\">\n\t\t\t<div class=\"elementor-inner\">\n\t\t\t\t<div class=\"elementor-section-wrap\">\n\t\t\t\t\t\t\t<section class=\"elementor-element elementor-element-1cbefccf elementor-section-full_width elementor-section-height-default elementor-section-height-default elementor-section elementor-top-section\" data-id=\"1cbefccf\" data-element_type=\"section\" data-settings=\"{&quot;background_background&quot;:&quot;classic&quot;}\">\n\t\t\t\t\t\t<div class=\"elementor-container elementor-column-gap-default\">\n\t\t\t\t<div class=\"elementor-row\">\n\t\t\t\t<div class=\"elementor-element elementor-element-72cf52ab elementor-column elementor-col-100 elementor-top-column\" data-id=\"72cf52ab\" data-element_type=\"column\" data-settings=\"{&quot;background_background&quot;:&quot;classic&quot;}\">\n\t\t\t<div class=\"elementor-column-wrap  elementor-element-populated\">\n\t\t\t\t\t<div class=\"elementor-widget-wrap\">\n\t\t\t\t<section class=\"elementor-element elementor-element-54310c0b elementor-section-full_width elementor-section-height-default elementor-section-height-default elementor-section elementor-inner-section\" data-id=\"54310c0b\" data-element_type=\"section\">\n\t\t\t\t\t\t<div class=\"elementor-container elementor-column-gap-default\">\n\t\t\t\t<div class=\"elementor-row\">\n\t\t\t\t<div class=\"elementor-element elementor-element-31fb161 elementor-column elementor-col-50 elementor-inner-column\" data-id=\"31fb161\" data-element_type=\"column\" data-settings=\"{&quot;background_background&quot;:&quot;classic&quot;}\">\n\t\t\t<div class=\"elementor-column-wrap  elementor-element-populated\">\n\t\t\t\t\t<div class=\"elementor-widget-wrap\">\n\t\t\t\t<div class=\"elementor-element elementor-element-2215aacf elementor-widget elementor-widget-text-editor\" data-id=\"2215aacf\" data-element_type=\"widget\" data-widget_type=\"text-editor.default\">\n\t\t\t\t<div class=\"elementor-widget-container\">\n\t\t\t\t\t<div class=\"elementor-text-editor elementor-clearfix\"><p>Cz\u0119\u015bci zamienne i podzespo\u0142y samochodowe<\/p><p>\u00a0<\/p><\/div>\n\t\t\t\t<\/div>\n\t\t\t\t<\/div>\n\t\t\t\t\t\t<\/div>\n\t\t\t<\/div>\n\t\t<\/div>\n\t\t\t\t<div class=\"elementor-element elementor-element-2088d90c elementor-column elementor-col-50 elementor-inner-column\" data-id=\"2088d90c\" data-element_type=\"column\">\n\t\t\t<div class=\"elementor-column-wrap  elementor-element-populated\">\n\t\t\t\t\t<div class=\"elementor-widget-wrap\">\n\t\t\t\t<div class=\"elementor-element elementor-element-10340aef elementor-widget elementor-widget-image\" data-id=\"10340aef\" data-element_type=\"widget\" data-widget_type=\"image.default\">\n\t\t\t\t<div class=\"elementor-widget-container\">\n\t\t\t\t\t<div class=\"elementor-image\">\n\t\t\t\t\t\t\t\t\t\t<img loading=\"lazy\" decoding=\"async\" width=\"626\" height=\"417\" src=\"https:\/\/mastah.bronowski.pl\/~blatni\/wp-content\/uploads\/2020\/03\/czesci-samochodowe-na-bialym-tle_127657-16593.jpg\" class=\"attachment-large size-large\" alt=\"\" srcset=\"https:\/\/mastah.bronowski.pl\/~blatni\/wp-content\/uploads\/2020\/03\/czesci-samochodowe-na-bialym-tle_127657-16593.jpg 626w, https:\/\/mastah.bronowski.pl\/~blatni\/wp-content\/uploads\/2020\/03\/czesci-samochodowe-na-bialym-tle_127657-16593-300x200.jpg 300w\" sizes=\"auto, (max-width: 626px) 100vw, 626px\" \/>\t\t\t\t\t\t\t\t\t\t\t<\/div>\n\t\t\t\t<\/div>\n\t\t\t\t<\/div>\n\t\t\t\t\t\t<\/div>\n\t\t\t<\/div>\n\t\t<\/div>\n\t\t\t\t\t\t<\/div>\n\t\t\t<\/div>\n\t\t<\/section>\n\t\t\t\t<div class=\"elementor-element elementor-element-16b7c7e0 elementor-widget elementor-widget-text-editor\" data-id=\"16b7c7e0\" data-element_type=\"widget\" data-widget_type=\"text-editor.default\">\n\t\t\t\t<div class=\"elementor-widget-container\">\n\t\t\t\t\t<div class=\"elementor-text-editor elementor-clearfix\"><p>ALCA GERMANY\u00a0 \u00a0BERU\u00a0 \u00a0BRECK\u00a0 \u00a0CASTROL\u00a0 \u00a0COFLE\u00a0 \u00a0CS GERMANY\u00a0 \u00a0DAVID VASCO\u00a0 \u00a0DAYCO\u00a0 \u00a0DIPP<\/p><p>ELF\u00a0 \u00a0ELRING\u00a0 \u00a0FEBI\u00a0 \u00a0FILTRON\u00a0 \u00a0GATES\u00a0 \u00a0GLYCO\u00a0 \u00a0GM\u00a0 \u00a0GOETZE\u00a0 \u00a0GOMET\u00a0 \u00a0GRAF\u00a0 \u00a0HANS PRIES<\/p><p>HELLA\u00a0 \u00a0ISKRA\u00a0 \u00a0<span style=\"font-size: 16px;\">KAYABA\u00a0 \u00a0KLEEN FLO\u00a0 \u00a0LEADER\u00a0 \u00a0LEMFORDER\u00a0 \u00a0LPR\u00a0 \u00a0LUK\u00a0 \u00a0MANN FILTER\u00a0 \u00a0MARGO<\/span><\/p><p><span style=\"font-size: 16px;\">MASTER SPORT\u00a0 \u00a0<\/span><span style=\"font-size: 16px;\">METELLI\u00a0 \u00a0MOBIL\u00a0 \u00a0MOJE AUTO\u00a0 \u00a0MOOG\u00a0 \u00a0MOTUL\u00a0 \u00a0ORGANIKA\u00a0 \u00a0PAYEN\u00a0 \u00a0SACHS<\/span><\/p><p><span style=\"font-size: 16px;\">SASIC\u00a0 \u00a0<\/span><span style=\"font-size: 16px;\">SENTECH\u00a0 \u00a0SHELL\u00a0 \u00a0<\/span><span style=\"font-size: 16px;\">SKF\u00a0 \u00a0STATIM\u00a0 \u00a0TENZI\u00a0 \u00a0TEXTAR\u00a0 \u00a0TOTAL\u00a0 \u00a0TUNGSRAM\u00a0 \u00a0<\/span><\/p><p>\u00a0<\/p><\/div>\n\t\t\t\t<\/div>\n\t\t\t\t<\/div>\n\t\t\t\t<section class=\"elementor-element elementor-element-1d51b9c3 elementor-section-full_width elementor-section-height-default elementor-section-height-default elementor-section elementor-inner-section\" data-id=\"1d51b9c3\" data-element_type=\"section\">\n\t\t\t\t\t\t<div class=\"elementor-container elementor-column-gap-default\">\n\t\t\t\t<div class=\"elementor-row\">\n\t\t\t\t<div class=\"elementor-element elementor-element-179db40a elementor-column elementor-col-33 elementor-inner-column\" data-id=\"179db40a\" data-element_type=\"column\">\n\t\t\t<div class=\"elementor-column-wrap  elementor-element-populated\">\n\t\t\t\t\t<div class=\"elementor-widget-wrap\">\n\t\t\t\t<div class=\"elementor-element elementor-element-74bb5963 elementor-widget elementor-widget-image\" data-id=\"74bb5963\" data-element_type=\"widget\" data-widget_type=\"image.default\">\n\t\t\t\t<div class=\"elementor-widget-container\">\n\t\t\t\t\t<div class=\"elementor-image\">\n\t\t\t\t\t\t\t\t\t\t<img loading=\"lazy\" decoding=\"async\" width=\"300\" height=\"300\" src=\"https:\/\/mastah.bronowski.pl\/~blatni\/wp-content\/uploads\/2020\/03\/eb45aae22d5df5b4b79787936dcf5e41_loga18.png\" class=\"attachment-large size-large\" alt=\"\" srcset=\"https:\/\/mastah.bronowski.pl\/~blatni\/wp-content\/uploads\/2020\/03\/eb45aae22d5df5b4b79787936dcf5e41_loga18.png 300w, https:\/\/mastah.bronowski.pl\/~blatni\/wp-content\/uploads\/2020\/03\/eb45aae22d5df5b4b79787936dcf5e41_loga18-150x150.png 150w\" sizes=\"auto, (max-width: 300px) 100vw, 300px\" \/>\t\t\t\t\t\t\t\t\t\t\t<\/div>\n\t\t\t\t<\/div>\n\t\t\t\t<\/div>\n\t\t\t\t<div class=\"elementor-element elementor-element-6e9d1f0 elementor-widget elementor-widget-image\" data-id=\"6e9d1f0\" data-element_type=\"widget\" data-widget_type=\"image.default\">\n\t\t\t\t<div class=\"elementor-widget-container\">\n\t\t\t\t\t<div class=\"elementor-image\">\n\t\t\t\t\t\t\t\t\t\t<img loading=\"lazy\" decoding=\"async\" width=\"299\" height=\"300\" src=\"https:\/\/mastah.bronowski.pl\/~blatni\/wp-content\/uploads\/2020\/03\/705b42e18bacef9f3a01e24963570209_loga11.png\" class=\"attachment-large size-large\" alt=\"\" srcset=\"https:\/\/mastah.bronowski.pl\/~blatni\/wp-content\/uploads\/2020\/03\/705b42e18bacef9f3a01e24963570209_loga11.png 299w, https:\/\/mastah.bronowski.pl\/~blatni\/wp-content\/uploads\/2020\/03\/705b42e18bacef9f3a01e24963570209_loga11-150x150.png 150w\" sizes=\"auto, (max-width: 299px) 100vw, 299px\" \/>\t\t\t\t\t\t\t\t\t\t\t<\/div>\n\t\t\t\t<\/div>\n\t\t\t\t<\/div>\n\t\t\t\t\t\t<\/div>\n\t\t\t<\/div>\n\t\t<\/div>\n\t\t\t\t<div class=\"elementor-element elementor-element-4f27dc9a elementor-column elementor-col-33 elementor-inner-column\" data-id=\"4f27dc9a\" data-element_type=\"column\">\n\t\t\t<div class=\"elementor-column-wrap  elementor-element-populated\">\n\t\t\t\t\t<div class=\"elementor-widget-wrap\">\n\t\t\t\t<div class=\"elementor-element elementor-element-5c391802 elementor-widget elementor-widget-image\" data-id=\"5c391802\" data-element_type=\"widget\" data-widget_type=\"image.default\">\n\t\t\t\t<div class=\"elementor-widget-container\">\n\t\t\t\t\t<div class=\"elementor-image\">\n\t\t\t\t\t\t\t\t\t\t<img loading=\"lazy\" decoding=\"async\" width=\"300\" height=\"300\" src=\"https:\/\/mastah.bronowski.pl\/~blatni\/wp-content\/uploads\/2020\/03\/f3d5349f8fdb65611200b9df2cc5613f_loga09.png\" class=\"attachment-large size-large\" alt=\"\" srcset=\"https:\/\/mastah.bronowski.pl\/~blatni\/wp-content\/uploads\/2020\/03\/f3d5349f8fdb65611200b9df2cc5613f_loga09.png 300w, https:\/\/mastah.bronowski.pl\/~blatni\/wp-content\/uploads\/2020\/03\/f3d5349f8fdb65611200b9df2cc5613f_loga09-150x150.png 150w\" sizes=\"auto, (max-width: 300px) 100vw, 300px\" \/>\t\t\t\t\t\t\t\t\t\t\t<\/div>\n\t\t\t\t<\/div>\n\t\t\t\t<\/div>\n\t\t\t\t<div class=\"elementor-element elementor-element-11bb157 elementor-widget elementor-widget-image\" data-id=\"11bb157\" data-element_type=\"widget\" data-widget_type=\"image.default\">\n\t\t\t\t<div class=\"elementor-widget-container\">\n\t\t\t\t\t<div class=\"elementor-image\">\n\t\t\t\t\t\t\t\t\t\t<img loading=\"lazy\" decoding=\"async\" width=\"300\" height=\"300\" src=\"https:\/\/mastah.bronowski.pl\/~blatni\/wp-content\/uploads\/2020\/03\/cf4994f1a706a760050cf9f7fb0687d2_loga36.png\" class=\"attachment-large size-large\" alt=\"\" srcset=\"https:\/\/mastah.bronowski.pl\/~blatni\/wp-content\/uploads\/2020\/03\/cf4994f1a706a760050cf9f7fb0687d2_loga36.png 300w, https:\/\/mastah.bronowski.pl\/~blatni\/wp-content\/uploads\/2020\/03\/cf4994f1a706a760050cf9f7fb0687d2_loga36-150x150.png 150w\" sizes=\"auto, (max-width: 300px) 100vw, 300px\" \/>\t\t\t\t\t\t\t\t\t\t\t<\/div>\n\t\t\t\t<\/div>\n\t\t\t\t<\/div>\n\t\t\t\t\t\t<\/div>\n\t\t\t<\/div>\n\t\t<\/div>\n\t\t\t\t<div class=\"elementor-element elementor-element-a76e710 elementor-column elementor-col-33 elementor-inner-column\" data-id=\"a76e710\" data-element_type=\"column\">\n\t\t\t<div class=\"elementor-column-wrap  elementor-element-populated\">\n\t\t\t\t\t<div class=\"elementor-widget-wrap\">\n\t\t\t\t<div class=\"elementor-element elementor-element-348e9542 elementor-widget elementor-widget-image\" data-id=\"348e9542\" data-element_type=\"widget\" data-widget_type=\"image.default\">\n\t\t\t\t<div class=\"elementor-widget-container\">\n\t\t\t\t\t<div class=\"elementor-image\">\n\t\t\t\t\t\t\t\t\t\t<img loading=\"lazy\" decoding=\"async\" width=\"300\" height=\"300\" src=\"https:\/\/mastah.bronowski.pl\/~blatni\/wp-content\/uploads\/2020\/03\/0dea2fcfe9f271f765ce0052b0afc20d_loga29.png\" class=\"attachment-large size-large\" alt=\"\" srcset=\"https:\/\/mastah.bronowski.pl\/~blatni\/wp-content\/uploads\/2020\/03\/0dea2fcfe9f271f765ce0052b0afc20d_loga29.png 300w, https:\/\/mastah.bronowski.pl\/~blatni\/wp-content\/uploads\/2020\/03\/0dea2fcfe9f271f765ce0052b0afc20d_loga29-150x150.png 150w\" sizes=\"auto, (max-width: 300px) 100vw, 300px\" \/>\t\t\t\t\t\t\t\t\t\t\t<\/div>\n\t\t\t\t<\/div>\n\t\t\t\t<\/div>\n\t\t\t\t<div class=\"elementor-element elementor-element-501f622 elementor-widget elementor-widget-image\" data-id=\"501f622\" data-element_type=\"widget\" data-widget_type=\"image.default\">\n\t\t\t\t<div class=\"elementor-widget-container\">\n\t\t\t\t\t<div class=\"elementor-image\">\n\t\t\t\t\t\t\t\t\t\t<img loading=\"lazy\" decoding=\"async\" width=\"300\" height=\"299\" src=\"https:\/\/mastah.bronowski.pl\/~blatni\/wp-content\/uploads\/2020\/03\/c590bc9924187899e6e99110e4c6fb6f_loga46.png\" class=\"attachment-large size-large\" alt=\"\" srcset=\"https:\/\/mastah.bronowski.pl\/~blatni\/wp-content\/uploads\/2020\/03\/c590bc9924187899e6e99110e4c6fb6f_loga46.png 300w, https:\/\/mastah.bronowski.pl\/~blatni\/wp-content\/uploads\/2020\/03\/c590bc9924187899e6e99110e4c6fb6f_loga46-150x150.png 150w\" sizes=\"auto, (max-width: 300px) 100vw, 300px\" \/>\t\t\t\t\t\t\t\t\t\t\t<\/div>\n\t\t\t\t<\/div>\n\t\t\t\t<\/div>\n\t\t\t\t\t\t<\/div>\n\t\t\t<\/div>\n\t\t<\/div>\n\t\t\t\t\t\t<\/div>\n\t\t\t<\/div>\n\t\t<\/section>\n\t\t\t\t<section class=\"elementor-element elementor-element-1a49a1b elementor-section-full_width elementor-section-height-default elementor-section-height-default elementor-section elementor-inner-section\" data-id=\"1a49a1b\" data-element_type=\"section\">\n\t\t\t\t\t\t<div class=\"elementor-container elementor-column-gap-default\">\n\t\t\t\t<div class=\"elementor-row\">\n\t\t\t\t<div class=\"elementor-element elementor-element-797746cf elementor-column elementor-col-50 elementor-inner-column\" data-id=\"797746cf\" data-element_type=\"column\">\n\t\t\t<div class=\"elementor-column-wrap  elementor-element-populated\">\n\t\t\t\t\t<div class=\"elementor-widget-wrap\">\n\t\t\t\t<div class=\"elementor-element elementor-element-147684a elementor-widget elementor-widget-image\" data-id=\"147684a\" data-element_type=\"widget\" data-widget_type=\"image.default\">\n\t\t\t\t<div class=\"elementor-widget-container\">\n\t\t\t\t\t<div class=\"elementor-image\">\n\t\t\t\t\t\t\t\t\t\t<img loading=\"lazy\" decoding=\"async\" width=\"626\" height=\"407\" src=\"https:\/\/mastah.bronowski.pl\/~blatni\/wp-content\/uploads\/2020\/03\/wlewanie-oleju-silnikowego-do-silnika-samochodu_109285-100.jpg\" class=\"attachment-large size-large\" alt=\"\" srcset=\"https:\/\/mastah.bronowski.pl\/~blatni\/wp-content\/uploads\/2020\/03\/wlewanie-oleju-silnikowego-do-silnika-samochodu_109285-100.jpg 626w, https:\/\/mastah.bronowski.pl\/~blatni\/wp-content\/uploads\/2020\/03\/wlewanie-oleju-silnikowego-do-silnika-samochodu_109285-100-300x195.jpg 300w\" sizes=\"auto, (max-width: 626px) 100vw, 626px\" \/>\t\t\t\t\t\t\t\t\t\t\t<\/div>\n\t\t\t\t<\/div>\n\t\t\t\t<\/div>\n\t\t\t\t\t\t<\/div>\n\t\t\t<\/div>\n\t\t<\/div>\n\t\t\t\t<div class=\"elementor-element elementor-element-2765bfa9 elementor-column elementor-col-50 elementor-inner-column\" data-id=\"2765bfa9\" data-element_type=\"column\" data-settings=\"{&quot;background_background&quot;:&quot;classic&quot;}\">\n\t\t\t<div class=\"elementor-column-wrap  elementor-element-populated\">\n\t\t\t\t\t<div class=\"elementor-widget-wrap\">\n\t\t\t\t<div class=\"elementor-element elementor-element-64b6fc9b elementor-invisible elementor-widget elementor-widget-heading\" data-id=\"64b6fc9b\" data-element_type=\"widget\" data-settings=\"{&quot;_animation&quot;:&quot;fadeInUp&quot;,&quot;_animation_delay&quot;:600}\" data-widget_type=\"heading.default\">\n\t\t\t\t<div class=\"elementor-widget-container\">\n\t\t\t<h3 class=\"elementor-heading-title elementor-size-default\">OLEJE SILNIKOWE<\/h3>\t\t<\/div>\n\t\t\t\t<\/div>\n\t\t\t\t<div class=\"elementor-element elementor-element-c51e73 elementor-widget elementor-widget-text-editor\" data-id=\"c51e73\" data-element_type=\"widget\" data-widget_type=\"text-editor.default\">\n\t\t\t\t<div class=\"elementor-widget-container\">\n\t\t\t\t\t<div class=\"elementor-text-editor elementor-clearfix\"><strong>CASTROL\n<\/strong><strong style=\"font-size: 16px;\">ELF\n<\/strong><strong>GM\nMANNOL\nMOBIL\nMOTUL\nVALVOLINE\nTOTAL<\/strong><\/div>\n\t\t\t\t<\/div>\n\t\t\t\t<\/div>\n\t\t\t\t\t\t<\/div>\n\t\t\t<\/div>\n\t\t<\/div>\n\t\t\t\t\t\t<\/div>\n\t\t\t<\/div>\n\t\t<\/section>\n\t\t\t\t\t\t<\/div>\n\t\t\t<\/div>\n\t\t<\/div>\n\t\t\t\t\t\t<\/div>\n\t\t\t<\/div>\n\t\t<\/section>\n\t\t\t\t\t\t<\/div>\n\t\t\t<\/div>\n\t\t<\/div>\n\t\t","protected":false},"excerpt":{"rendered":"<p>Cz\u0119\u015bci zamienne i podzespo\u0142y samochodowe \u00a0 ALCA GERMANY\u00a0 \u00a0BERU\u00a0 \u00a0BRECK\u00a0 \u00a0CASTROL\u00a0 \u00a0COFLE\u00a0 \u00a0CS GERMANY\u00a0 \u00a0DAVID VASCO\u00a0 \u00a0DAYCO\u00a0 \u00a0DIPP ELF\u00a0 \u00a0ELRING\u00a0 \u00a0FEBI\u00a0 \u00a0FILTRON\u00a0 \u00a0GATES\u00a0 \u00a0GLYCO\u00a0 \u00a0GM\u00a0 \u00a0GOETZE\u00a0 \u00a0GOMET\u00a0 \u00a0GRAF\u00a0 \u00a0HANS PRIES HELLA\u00a0 \u00a0ISKRA\u00a0 \u00a0KAYABA\u00a0 \u00a0KLEEN FLO\u00a0 \u00a0LEADER\u00a0 \u00a0LEMFORDER\u00a0 \u00a0LPR\u00a0 \u00a0LUK\u00a0 \u00a0MANN FILTER\u00a0 \u00a0MARGO MASTER SPORT\u00a0 \u00a0METELLI\u00a0 \u00a0MOBIL\u00a0 \u00a0MOJE AUTO\u00a0 \u00a0MOOG\u00a0 \u00a0MOTUL\u00a0 \u00a0ORGANIKA\u00a0 \u00a0PAYEN\u00a0 \u00a0SACHS SASIC\u00a0 \u00a0SENTECH\u00a0 [&hellip;]<\/p>\n","protected":false},"author":1,"featured_media":0,"parent":0,"menu_order":0,"comment_status":"closed","ping_status":"closed","template":"","meta":{"footnotes":""},"class_list":["post-1216","page","type-page","status-publish","hentry","entry"],"_links":{"self":[{"href":"https:\/\/mastah.bronowski.pl\/index.php?rest_route=\/wp\/v2\/pages\/1216","targetHints":{"allow":["GET"]}}],"collection":[{"href":"https:\/\/mastah.bronowski.pl\/index.php?rest_route=\/wp\/v2\/pages"}],"about":[{"href":"https:\/\/mastah.bronowski.pl\/index.php?rest_route=\/wp\/v2\/types\/page"}],"author":[{"embeddable":true,"href":"https:\/\/mastah.bronowski.pl\/index.php?rest_route=\/wp\/v2\/users\/1"}],"replies":[{"embeddable":true,"href":"https:\/\/mastah.bronowski.pl\/index.php?rest_route=%2Fwp%2Fv2%2Fcomments&post=1216"}],"version-history":[{"count":41,"href":"https:\/\/mastah.bronowski.pl\/index.php?rest_route=\/wp\/v2\/pages\/1216\/revisions"}],"predecessor-version":[{"id":1359,"href":"https:\/\/mastah.bronowski.pl\/index.php?rest_route=\/wp\/v2\/pages\/1216\/revisions\/1359"}],"wp:attachment":[{"href":"https:\/\/mastah.bronowski.pl\/index.php?rest_route=%2Fwp%2Fv2%2Fmedia&parent=1216"}],"curies":[{"name":"wp","href":"https:\/\/api.w.org\/{rel}","templated":true}]}}